{"id":539,"date":"2021-07-26T11:08:18","date_gmt":"2021-07-26T11:08:18","guid":{"rendered":"https:\/\/rimgroup.rs\/?page_id=539"},"modified":"2024-03-27T14:12:06","modified_gmt":"2024-03-27T14:12:06","slug":"o-kompaniji","status":"publish","type":"page","link":"https:\/\/rimgroup.rs\/en\/o-kompaniji\/","title":{"rendered":"About us"},"content":{"rendered":"<div data-elementor-type=\"wp-page\" data-elementor-id=\"539\" class=\"elementor elementor-539\" data-elementor-settings=\"[]\">\n\t\t\t\t\t\t\t<div class=\"elementor-section-wrap\">\n\t\t\t\t\t\t\t<section class=\"elementor-section elementor-top-section elementor-element elementor-element-93ea84a elementor-section-full_width elementor-section-height-default elementor-section-height-default\" data-id=\"93ea84a\" data-element_type=\"section\">\n\t\t\t\t\t\t<div class=\"elementor-container elementor-column-gap-no\">\n\t\t\t\t\t<div class=\"elementor-column elementor-col-100 elementor-top-column elementor-element elementor-element-33b4116\" data-id=\"33b4116\" data-element_type=\"column\">\n\t\t\t<div class=\"elementor-widget-wrap elementor-element-populated\">\n\t\t\t\t\t\t\t\t<div class=\"elementor-element elementor-element-7150a9f elementor-widget elementor-widget-menu-anchor\" data-id=\"7150a9f\" data-element_type=\"widget\" data-widget_type=\"menu-anchor.default\">\n\t\t\t\t<div class=\"elementor-widget-container\">\n\t\t\t\t\t<div id=\"top\" class=\"elementor-menu-anchor\"><\/div>\n\t\t\t\t<\/div>\n\t\t\t\t<\/div>\n\t\t\t\t\t<\/div>\n\t\t<\/div>\n\t\t\t\t\t\t\t<\/div>\n\t\t<\/section>\n\t\t\t\t<section class=\"elementor-section elementor-top-section elementor-element elementor-element-5a88466 elementor-section-full_width elementor-section-height-default elementor-section-height-default\" data-id=\"5a88466\" data-element_type=\"section\">\n\t\t\t\t\t\t<div class=\"elementor-container elementor-column-gap-no\">\n\t\t\t\t\t<div class=\"elementor-column elementor-col-100 elementor-top-column elementor-element elementor-element-778e272\" data-id=\"778e272\" data-element_type=\"column\" data-settings=\"{&quot;background_background&quot;:&quot;slideshow&quot;,&quot;background_slideshow_gallery&quot;:[{&quot;id&quot;:690,&quot;url&quot;:&quot;https:\\\/\\\/rimgroup.rs\\\/wp-content\\\/uploads\\\/2021\\\/07\\\/OKompaniji.jpg&quot;}],&quot;background_slideshow_slide_duration&quot;:5000,&quot;background_slideshow_slide_transition&quot;:&quot;fade&quot;,&quot;background_slideshow_transition_duration&quot;:500}\">\n\t\t\t<div class=\"elementor-widget-wrap elementor-element-populated\">\n\t\t\t\t\t\t\t\t\t<\/div>\n\t\t<\/div>\n\t\t\t\t\t\t\t<\/div>\n\t\t<\/section>\n\t\t\t\t<section class=\"elementor-section elementor-top-section elementor-element elementor-element-008c9fd elementor-section-boxed elementor-section-height-default elementor-section-height-default\" data-id=\"008c9fd\" data-element_type=\"section\">\n\t\t\t\t\t\t<div class=\"elementor-container elementor-column-gap-no\">\n\t\t\t\t\t<div class=\"elementor-column elementor-col-100 elementor-top-column elementor-element elementor-element-6e473ed\" data-id=\"6e473ed\" data-element_type=\"column\">\n\t\t\t<div class=\"elementor-widget-wrap elementor-element-populated\">\n\t\t\t\t\t\t\t\t<div class=\"elementor-element elementor-element-a9cc5e7 elementor-widget elementor-widget-heading\" data-id=\"a9cc5e7\" data-element_type=\"widget\" data-widget_type=\"heading.default\">\n\t\t\t\t<div class=\"elementor-widget-container\">\n\t\t\t<h2 class=\"elementor-heading-title elementor-size-default\">ABOUT US<\/h2>\t\t<\/div>\n\t\t\t\t<\/div>\n\t\t\t\t\t<\/div>\n\t\t<\/div>\n\t\t\t\t\t\t\t<\/div>\n\t\t<\/section>\n\t\t\t\t<section class=\"elementor-section elementor-top-section elementor-element elementor-element-31c10c7 elementor-section-boxed elementor-section-height-default elementor-section-height-default\" data-id=\"31c10c7\" data-element_type=\"section\">\n\t\t\t\t\t\t<div class=\"elementor-container elementor-column-gap-no\">\n\t\t\t\t\t<div class=\"elementor-column elementor-col-100 elementor-top-column elementor-element elementor-element-ce0ac61\" data-id=\"ce0ac61\" data-element_type=\"column\">\n\t\t\t<div class=\"elementor-widget-wrap elementor-element-populated\">\n\t\t\t\t\t\t\t\t<div class=\"elementor-element elementor-element-e4cdecf elementor-widget elementor-widget-text-editor\" data-id=\"e4cdecf\" data-element_type=\"widget\" data-widget_type=\"text-editor.default\">\n\t\t\t\t<div class=\"elementor-widget-container\">\n\t\t\t\t\t\t\t<div>\n<p><span lang=\"EN-GB\">Reliability, efficiency and quality of service is what the <strong>RIM GROUP<\/strong> company has been providing to its clients for over twenty successful years, dealing with the import and distribution of consumer products, occupying a leading position in that field.<\/span><\/p>\n<\/div>\n<div>\n<p><span style=\"color: var( --e-global-color-text ); font-size: 1rem;\">Careful selection and knowledge of brands, good market coverage and constant investment in the <b>development<\/b> of equipment and personnel make <strong>RIM GROUP<\/strong> the first and permanent choice of all associates, consumers and partners with whom it does business.<\/span><\/p>\n<\/div>\n<div>\n<p><span style=\"color: var( --e-global-color-text ); font-size: 1rem;\">More than 5,000 satisfied customers can always count on the highest quality of services offered by <strong>RIM GROUP<\/strong>. The reason for this is over 8,000 unloading places on the territory of the Republic of Serbia, more than 100 delivery vehicles and vehicles for sellers that reach a large number of clients every day, as well as 3,500 m\u00b2 of warehouse space a few kilometers from the intersection of three highways that connect Serbia with the rest of Europe .\n\u200b<\/span><\/p>\n<\/div>\t\t\t\t\t\t<\/div>\n\t\t\t\t<\/div>\n\t\t\t\t\t<\/div>\n\t\t<\/div>\n\t\t\t\t\t\t\t<\/div>\n\t\t<\/section>\n\t\t\t\t<section class=\"elementor-section elementor-top-section elementor-element elementor-element-c8e239e elementor-section-boxed elementor-section-height-default elementor-section-height-default\" data-id=\"c8e239e\" data-element_type=\"section\">\n\t\t\t\t\t\t<div class=\"elementor-container elementor-column-gap-no\">\n\t\t\t\t\t<div class=\"elementor-column elementor-col-100 elementor-top-column elementor-element elementor-element-96d5e98\" data-id=\"96d5e98\" data-element_type=\"column\">\n\t\t\t<div class=\"elementor-widget-wrap elementor-element-populated\">\n\t\t\t\t\t\t\t\t<div class=\"elementor-element elementor-element-d123fcf elementor-widget elementor-widget-text-editor\" data-id=\"d123fcf\" data-element_type=\"widget\" data-widget_type=\"text-editor.default\">\n\t\t\t\t<div class=\"elementor-widget-container\">\n\t\t\t\t\t\t\t<div>\n<div>\n<div>\n<p><span lang=\"EN-GB\">From the rich range of products distributed by RIM GROUP, the <b>HARIBO <\/b>brand stands out, which since 2017 has become the brand with the largest sales share in the candy category.<b>&nbsp;<\/b>Company<b>&nbsp;<\/b>is an importer of <strong>MELITTA<\/strong> products from Germany, and one of the leading companies that imports confectionery products from Turkey- <strong>ETI<\/strong> (Popcake, Tutku keks), <strong>ELVAN<\/strong> (Toffix candies, Fondante), <strong>BEBETO KERVAN<\/strong> gummy candies, <strong>SIMSEK<\/strong>. The brands <strong>Durukan<\/strong>, <strong>Elit chocolat i Patos<\/strong>, <strong>Paloma<\/strong>.<\/span><\/p>\n<\/div>\n<div>\n<p><span lang=\"EN-GB\">In addition to the distribution of imported confectionery products, the RIM GROUP company is also a distributor of domestic products of the <strong>CANDY RUSH<\/strong> koja je osvojila tr\u017ei\u0161te svojim visokokvalitetnim proizvodima &#8211; Pandalada krem, Simka krem, krem bananica, \u010dokolada za jelo i \u010dokolada za kuvanje, i fabrike <strong>NEVENA<\/strong>factory, which is one of of the most famous names on the market of cosmetic products with their Baby cosmetics, as well as brands, of which Fresh step, Ego deo, Puzzle collection stand out.<\/span><\/p>\n<\/div>\n<\/div>\n<\/div>\t\t\t\t\t\t<\/div>\n\t\t\t\t<\/div>\n\t\t\t\t\t<\/div>\n\t\t<\/div>\n\t\t\t\t\t\t\t<\/div>\n\t\t<\/section>\n\t\t\t\t<section class=\"elementor-section elementor-top-section elementor-element elementor-element-c877539 elementor-section-boxed elementor-section-height-default elementor-section-height-default\" data-id=\"c877539\" data-element_type=\"section\">\n\t\t\t\t\t\t<div class=\"elementor-container elementor-column-gap-extended\">\n\t\t\t\t\t<div class=\"elementor-column elementor-col-25 elementor-top-column elementor-element elementor-element-75548ba\" data-id=\"75548ba\" data-element_type=\"column\" data-settings=\"{&quot;background_background&quot;:&quot;classic&quot;}\">\n\t\t\t<div class=\"elementor-widget-wrap elementor-element-populated\">\n\t\t\t\t\t\t\t\t<div class=\"elementor-element elementor-element-b85ede4 elementor-widget elementor-widget-counter\" data-id=\"b85ede4\" data-element_type=\"widget\" data-widget_type=\"counter.default\">\n\t\t\t\t<div class=\"elementor-widget-container\">\n\t\t\t\t\t<div class=\"elementor-counter\">\n\t\t\t<div class=\"elementor-counter-number-wrapper\">\n\t\t\t\t<span class=\"elementor-counter-number-prefix\"><\/span>\n\t\t\t\t<span class=\"elementor-counter-number\" data-duration=\"2000\" data-to-value=\"5000\" data-from-value=\"0\" data-delimiter=\".\">0<\/span>\n\t\t\t\t<span class=\"elementor-counter-number-suffix\">+<\/span>\n\t\t\t<\/div>\n\t\t\t\t\t\t\t<div class=\"elementor-counter-title\">Number of customers<\/div>\n\t\t\t\t\t<\/div>\n\t\t\t\t<\/div>\n\t\t\t\t<\/div>\n\t\t\t\t\t<\/div>\n\t\t<\/div>\n\t\t\t\t<div class=\"elementor-column elementor-col-25 elementor-top-column elementor-element elementor-element-3659817\" data-id=\"3659817\" data-element_type=\"column\" data-settings=\"{&quot;background_background&quot;:&quot;classic&quot;}\">\n\t\t\t<div class=\"elementor-widget-wrap elementor-element-populated\">\n\t\t\t\t\t\t\t\t<div class=\"elementor-element elementor-element-b6c3c80 elementor-widget elementor-widget-counter\" data-id=\"b6c3c80\" data-element_type=\"widget\" data-widget_type=\"counter.default\">\n\t\t\t\t<div class=\"elementor-widget-container\">\n\t\t\t\t\t<div class=\"elementor-counter\">\n\t\t\t<div class=\"elementor-counter-number-wrapper\">\n\t\t\t\t<span class=\"elementor-counter-number-prefix\"><\/span>\n\t\t\t\t<span class=\"elementor-counter-number\" data-duration=\"2000\" data-to-value=\"8000\" data-from-value=\"0\" data-delimiter=\".\">0<\/span>\n\t\t\t\t<span class=\"elementor-counter-number-suffix\">+<\/span>\n\t\t\t<\/div>\n\t\t\t\t\t\t\t<div class=\"elementor-counter-title\">Unloading places<\/div>\n\t\t\t\t\t<\/div>\n\t\t\t\t<\/div>\n\t\t\t\t<\/div>\n\t\t\t\t\t<\/div>\n\t\t<\/div>\n\t\t\t\t<div class=\"elementor-column elementor-col-25 elementor-top-column elementor-element elementor-element-27d64f2\" data-id=\"27d64f2\" data-element_type=\"column\" data-settings=\"{&quot;background_background&quot;:&quot;classic&quot;}\">\n\t\t\t<div class=\"elementor-widget-wrap elementor-element-populated\">\n\t\t\t\t\t\t\t\t<div class=\"elementor-element elementor-element-c7698b6 elementor-widget elementor-widget-counter\" data-id=\"c7698b6\" data-element_type=\"widget\" data-widget_type=\"counter.default\">\n\t\t\t\t<div class=\"elementor-widget-container\">\n\t\t\t\t\t<div class=\"elementor-counter\">\n\t\t\t<div class=\"elementor-counter-number-wrapper\">\n\t\t\t\t<span class=\"elementor-counter-number-prefix\"><\/span>\n\t\t\t\t<span class=\"elementor-counter-number\" data-duration=\"2000\" data-to-value=\"3500\" data-from-value=\"0\" data-delimiter=\".\">0<\/span>\n\t\t\t\t<span class=\"elementor-counter-number-suffix\">+<\/span>\n\t\t\t<\/div>\n\t\t\t\t\t\t\t<div class=\"elementor-counter-title\">Warehouse area<\/div>\n\t\t\t\t\t<\/div>\n\t\t\t\t<\/div>\n\t\t\t\t<\/div>\n\t\t\t\t\t<\/div>\n\t\t<\/div>\n\t\t\t\t<div class=\"elementor-column elementor-col-25 elementor-top-column elementor-element elementor-element-90cc3da\" data-id=\"90cc3da\" data-element_type=\"column\" data-settings=\"{&quot;background_background&quot;:&quot;classic&quot;}\">\n\t\t\t<div class=\"elementor-widget-wrap elementor-element-populated\">\n\t\t\t\t\t\t\t\t<div class=\"elementor-element elementor-element-ba789a5 elementor-widget elementor-widget-counter\" data-id=\"ba789a5\" data-element_type=\"widget\" data-widget_type=\"counter.default\">\n\t\t\t\t<div class=\"elementor-widget-container\">\n\t\t\t\t\t<div class=\"elementor-counter\">\n\t\t\t<div class=\"elementor-counter-number-wrapper\">\n\t\t\t\t<span class=\"elementor-counter-number-prefix\"><\/span>\n\t\t\t\t<span class=\"elementor-counter-number\" data-duration=\"2000\" data-to-value=\"100\" data-from-value=\"0\" data-delimiter=\",\">0<\/span>\n\t\t\t\t<span class=\"elementor-counter-number-suffix\">+<\/span>\n\t\t\t<\/div>\n\t\t\t\t\t\t\t<div class=\"elementor-counter-title\">Vehicles<\/div>\n\t\t\t\t\t<\/div>\n\t\t\t\t<\/div>\n\t\t\t\t<\/div>\n\t\t\t\t\t<\/div>\n\t\t<\/div>\n\t\t\t\t\t\t\t<\/div>\n\t\t<\/section>\n\t\t\t\t<section class=\"elementor-section elementor-top-section elementor-element elementor-element-c170708 elementor-section-boxed elementor-section-height-default elementor-section-height-default\" data-id=\"c170708\" data-element_type=\"section\">\n\t\t\t\t\t\t<div class=\"elementor-container elementor-column-gap-default\">\n\t\t\t\t\t<div class=\"elementor-column elementor-col-100 elementor-top-column elementor-element elementor-element-7f2d09a\" data-id=\"7f2d09a\" data-element_type=\"column\">\n\t\t\t<div class=\"elementor-widget-wrap elementor-element-populated\">\n\t\t\t\t\t\t\t\t<div class=\"elementor-element elementor-element-04e3e89 elementor-align-center elementor-widget elementor-widget-button\" data-id=\"04e3e89\" data-element_type=\"widget\" data-widget_type=\"button.default\">\n\t\t\t\t<div class=\"elementor-widget-container\">\n\t\t\t\t\t<div class=\"elementor-button-wrapper\">\n\t\t\t<a href=\"https:\/\/rimgroup.rs\/en\/kontakt\/\" class=\"elementor-button-link elementor-button elementor-size-sm\" role=\"button\">\n\t\t\t\t\t\t<span class=\"elementor-button-content-wrapper\">\n\t\t\t\t\t\t<span class=\"elementor-button-text\">Contact us<\/span>\n\t\t<\/span>\n\t\t\t\t\t<\/a>\n\t\t<\/div>\n\t\t\t\t<\/div>\n\t\t\t\t<\/div>\n\t\t\t\t\t<\/div>\n\t\t<\/div>\n\t\t\t\t\t\t\t<\/div>\n\t\t<\/section>\n\t\t\t\t\t\t<\/div>\n\t\t\t\t\t<\/div>","protected":false},"excerpt":{"rendered":"<p>O KOMPANIJI Pouzdanost, efikasnost i kvalitet usluge je ono \u0161to kompanija RIM GROUP preko dvadeset uspe\u0161nih godina pru\u017ea svojim klijentima, bave\u0107i se uvozom i distribuciijom proizvoda \u0161iroke potro\u0161nje, zauzimaju\u0107i vode\u0107e mesto u toj oblasti. Pa\u017eljivo biranje i poznavanje brendova, dobra pokrivenost tr\u017eista i stalno ulaganje u razvoj opreme i kadrova, \u010dine kompaniju RIM GROUP prvim [&hellip;]<\/p>","protected":false},"author":1,"featured_media":0,"parent":0,"menu_order":0,"comment_status":"closed","ping_status":"closed","template":"","meta":{"footnotes":""},"class_list":["post-539","page","type-page","status-publish","hentry"],"_links":{"self":[{"href":"https:\/\/rimgroup.rs\/en\/wp-json\/wp\/v2\/pages\/539","targetHints":{"allow":["GET"]}}],"collection":[{"href":"https:\/\/rimgroup.rs\/en\/wp-json\/wp\/v2\/pages"}],"about":[{"href":"https:\/\/rimgroup.rs\/en\/wp-json\/wp\/v2\/types\/page"}],"author":[{"embeddable":true,"href":"https:\/\/rimgroup.rs\/en\/wp-json\/wp\/v2\/users\/1"}],"replies":[{"embeddable":true,"href":"https:\/\/rimgroup.rs\/en\/wp-json\/wp\/v2\/comments?post=539"}],"version-history":[{"count":235,"href":"https:\/\/rimgroup.rs\/en\/wp-json\/wp\/v2\/pages\/539\/revisions"}],"predecessor-version":[{"id":1499,"href":"https:\/\/rimgroup.rs\/en\/wp-json\/wp\/v2\/pages\/539\/revisions\/1499"}],"wp:attachment":[{"href":"https:\/\/rimgroup.rs\/en\/wp-json\/wp\/v2\/media?parent=539"}],"curies":[{"name":"wp","href":"https:\/\/api.w.org\/{rel}","templated":true}]}}